{"id":21,"date":"2022-08-02T11:01:41","date_gmt":"2022-08-02T11:01:41","guid":{"rendered":"https:\/\/knaack-it.de\/?page_id=21"},"modified":"2022-08-08T14:06:32","modified_gmt":"2022-08-08T14:06:32","slug":"startseite","status":"publish","type":"page","link":"https:\/\/knaack-it.de\/","title":{"rendered":"Startseite"},"content":{"rendered":"\t\t<div data-elementor-type=\"wp-page\" data-elementor-id=\"21\" class=\"elementor elementor-21\" data-elementor-post-type=\"page\">\n\t\t\t\t\t\t<section class=\"elementor-section elementor-top-section elementor-element elementor-element-eeaf2d1 elementor-section-full_width elementor-section-height-min-height elementor-reverse-tablet elementor-reverse-mobile elementor-section-height-default elementor-section-items-middle\" data-id=\"eeaf2d1\" data-element_type=\"section\">\n\t\t\t\t\t\t<div class=\"elementor-container elementor-column-gap-default\">\n\t\t\t\t\t<div class=\"elementor-column elementor-col-50 elementor-top-column elementor-element elementor-element-443b1cf elementor-invisible\" data-id=\"443b1cf\" data-element_type=\"column\" data-settings=\"{&quot;animation&quot;:&quot;fadeInLeft&quot;,&quot;animation_mobile&quot;:&quot;fadeIn&quot;}\">\n\t\t\t<div class=\"elementor-widget-wrap elementor-element-populated\">\n\t\t\t\t\t\t<div class=\"elementor-element elementor-element-f9bacc4 elementor-widget elementor-widget-heading\" data-id=\"f9bacc4\" data-element_type=\"widget\" data-widget_type=\"heading.default\">\n\t\t\t\t<div class=\"elementor-widget-container\">\n\t\t\t\t\t<h2 class=\"elementor-heading-title elementor-size-default\">ALLES F\u00dcR IHR DIGITALES ERLEBNIS<\/h2>\t\t\t\t<\/div>\n\t\t\t\t<\/div>\n\t\t\t\t<div class=\"elementor-element elementor-element-97f928d elementor-widget elementor-widget-text-editor\" data-id=\"97f928d\" data-element_type=\"widget\" data-widget_type=\"text-editor.default\">\n\t\t\t\t<div class=\"elementor-widget-container\">\n\t\t\t\t\t\t\t\t\t<p>Durch Ihre innovative Softwarel\u00f6sung, App oder Webseite b. Egal ob es um die Digitalisierung Ihrer Prozesse, mehr Reichweite (SEO) oder eine Verbesserung des Kundenerlebnisses geht &#8211; Professionelle, kreative &amp; sichere L\u00f6sungen finden Sie hier!<\/p>\t\t\t\t\t\t\t\t<\/div>\n\t\t\t\t<\/div>\n\t\t\t\t\t<\/div>\n\t\t<\/div>\n\t\t\t\t<div class=\"elementor-column elementor-col-50 elementor-top-column elementor-element elementor-element-3005153\" data-id=\"3005153\" data-element_type=\"column\">\n\t\t\t<div class=\"elementor-widget-wrap elementor-element-populated\">\n\t\t\t\t\t\t<div class=\"elementor-element elementor-element-55d506e elementor-widget-mobile__width-inherit elementor-invisible elementor-widget elementor-widget-image\" data-id=\"55d506e\" data-element_type=\"widget\" data-settings=\"{&quot;_animation&quot;:&quot;fadeInRight&quot;,&quot;_animation_mobile&quot;:&quot;fadeIn&quot;}\" data-widget_type=\"image.default\">\n\t\t\t\t<div class=\"elementor-widget-container\">\n\t\t\t\t\t\t\t\t\t\t\t\t\t\t\t<img fetchpriority=\"high\" decoding=\"async\" width=\"800\" height=\"548\" src=\"https:\/\/knaack-it.de\/wp-content\/uploads\/2022\/08\/Bildschirmfoto-2022-08-01-um-15.38.png\" class=\"attachment-large size-large wp-image-7\" alt=\"\" srcset=\"https:\/\/knaack-it.de\/wp-content\/uploads\/2022\/08\/Bildschirmfoto-2022-08-01-um-15.38.png 815w, https:\/\/knaack-it.de\/wp-content\/uploads\/2022\/08\/Bildschirmfoto-2022-08-01-um-15.38-300x205.png 300w, https:\/\/knaack-it.de\/wp-content\/uploads\/2022\/08\/Bildschirmfoto-2022-08-01-um-15.38-768x526.png 768w\" sizes=\"(max-width: 800px) 100vw, 800px\" \/>\t\t\t\t\t\t\t\t\t\t\t\t\t\t\t<\/div>\n\t\t\t\t<\/div>\n\t\t\t\t\t<\/div>\n\t\t<\/div>\n\t\t\t\t\t<\/div>\n\t\t<\/section>\n\t\t\t\t<section class=\"elementor-section elementor-top-section elementor-element elementor-element-1c66df3 elementor-reverse-tablet elementor-reverse-mobile elementor-section-boxed elementor-section-height-default elementor-section-height-default\" data-id=\"1c66df3\" data-element_type=\"section\" data-settings=\"{&quot;shape_divider_top&quot;:&quot;arrow&quot;,&quot;background_background&quot;:&quot;classic&quot;,&quot;animation_mobile&quot;:&quot;none&quot;}\">\n\t\t\t\t\t<div class=\"elementor-shape elementor-shape-top\" data-negative=\"false\">\n\t\t\t<svg xmlns=\"http:\/\/www.w3.org\/2000\/svg\" viewBox=\"0 0 700 10\" preserveAspectRatio=\"none\">\n\t<path class=\"elementor-shape-fill\" d=\"M350,10L340,0h20L350,10z\"\/>\n<\/svg>\t\t<\/div>\n\t\t\t\t\t<div class=\"elementor-container elementor-column-gap-default\">\n\t\t\t\t\t<div class=\"elementor-column elementor-col-50 elementor-top-column elementor-element elementor-element-2ca6dd1 elementor-invisible\" data-id=\"2ca6dd1\" data-element_type=\"column\" data-settings=\"{&quot;animation&quot;:&quot;fadeInLeft&quot;,&quot;animation_mobile&quot;:&quot;none&quot;}\">\n\t\t\t<div class=\"elementor-widget-wrap elementor-element-populated\">\n\t\t\t\t\t\t<div class=\"elementor-element elementor-element-3edfa0f elementor-widget elementor-widget-heading\" data-id=\"3edfa0f\" data-element_type=\"widget\" data-widget_type=\"heading.default\">\n\t\t\t\t<div class=\"elementor-widget-container\">\n\t\t\t\t\t<h2 class=\"elementor-heading-title elementor-size-default\">Software Solution<\/h2>\t\t\t\t<\/div>\n\t\t\t\t<\/div>\n\t\t\t\t<div class=\"elementor-element elementor-element-fdd1227 elementor-widget elementor-widget-heading\" data-id=\"fdd1227\" data-element_type=\"widget\" data-widget_type=\"heading.default\">\n\t\t\t\t<div class=\"elementor-widget-container\">\n\t\t\t\t\t<h3 class=\"elementor-heading-title elementor-size-default\">Ihre individuelle Softwarel\u00f6sung<\/h3>\t\t\t\t<\/div>\n\t\t\t\t<\/div>\n\t\t\t\t<div class=\"elementor-element elementor-element-41c0c41 elementor-widget elementor-widget-text-editor\" data-id=\"41c0c41\" data-element_type=\"widget\" data-widget_type=\"text-editor.default\">\n\t\t\t\t<div class=\"elementor-widget-container\">\n\t\t\t\t\t\t\t\t\t<p>Egal ob Sie ein kleines Tool gebrauchen k\u00f6nnen, um t\u00e4gliche Arbeiten zu automatisieren oder Sie ein ma\u00dfgeschneidertes CRM- oder ERP-System ben\u00f6tigen. Bei Knaack IT bekommen Sie genau das, was Sie brauchen &#8211; exklusiv f\u00fcr Sie entwickelt. Wir planen mit Ihnen zusammen neue Prozesse, um die Arbeit in Ihrem Unternehmen effizienter und digitaler zu gestalten.<\/p>\t\t\t\t\t\t\t\t<\/div>\n\t\t\t\t<\/div>\n\t\t\t\t<div class=\"elementor-element elementor-element-9e3a1aa elementor-mobile-align-justify elementor-widget elementor-widget-button\" data-id=\"9e3a1aa\" data-element_type=\"widget\" data-widget_type=\"button.default\">\n\t\t\t\t<div class=\"elementor-widget-container\">\n\t\t\t\t\t\t\t\t\t<div class=\"elementor-button-wrapper\">\n\t\t\t\t\t<a class=\"elementor-button elementor-button-link elementor-size-sm\" href=\"https:\/\/knaack-it.de\/?page_id=229\">\n\t\t\t\t\t\t<span class=\"elementor-button-content-wrapper\">\n\t\t\t\t\t\t\t\t\t<span class=\"elementor-button-text\">Mehr erfahren<\/span>\n\t\t\t\t\t<\/span>\n\t\t\t\t\t<\/a>\n\t\t\t\t<\/div>\n\t\t\t\t\t\t\t\t<\/div>\n\t\t\t\t<\/div>\n\t\t\t\t\t<\/div>\n\t\t<\/div>\n\t\t\t\t<div class=\"elementor-column elementor-col-50 elementor-top-column elementor-element elementor-element-1c39b25 elementor-invisible\" data-id=\"1c39b25\" data-element_type=\"column\" data-settings=\"{&quot;animation&quot;:&quot;fadeInRight&quot;,&quot;background_background&quot;:&quot;classic&quot;,&quot;animation_mobile&quot;:&quot;none&quot;}\">\n\t\t\t<div class=\"elementor-widget-wrap elementor-element-populated\">\n\t\t\t\t\t\t<div class=\"elementor-element elementor-element-e7048c5 elementor-widget elementor-widget-image\" data-id=\"e7048c5\" data-element_type=\"widget\" data-settings=\"{&quot;_animation_mobile&quot;:&quot;none&quot;}\" data-widget_type=\"image.default\">\n\t\t\t\t<div class=\"elementor-widget-container\">\n\t\t\t\t\t\t\t\t\t\t\t\t\t\t\t<img decoding=\"async\" width=\"800\" height=\"400\" src=\"https:\/\/knaack-it.de\/wp-content\/uploads\/2022\/08\/laptop-2017978_1280-1024x512.png\" class=\"attachment-large size-large wp-image-130\" alt=\"\" srcset=\"https:\/\/knaack-it.de\/wp-content\/uploads\/2022\/08\/laptop-2017978_1280-1024x512.png 1024w, https:\/\/knaack-it.de\/wp-content\/uploads\/2022\/08\/laptop-2017978_1280-300x150.png 300w, https:\/\/knaack-it.de\/wp-content\/uploads\/2022\/08\/laptop-2017978_1280-768x384.png 768w, https:\/\/knaack-it.de\/wp-content\/uploads\/2022\/08\/laptop-2017978_1280.png 1280w\" sizes=\"(max-width: 800px) 100vw, 800px\" \/>\t\t\t\t\t\t\t\t\t\t\t\t\t\t\t<\/div>\n\t\t\t\t<\/div>\n\t\t\t\t\t<\/div>\n\t\t<\/div>\n\t\t\t\t\t<\/div>\n\t\t<\/section>\n\t\t\t\t<section class=\"elementor-section elementor-top-section elementor-element elementor-element-6440afa elementor-section-boxed elementor-section-height-default elementor-section-height-default\" data-id=\"6440afa\" data-element_type=\"section\" data-settings=\"{&quot;shape_divider_top&quot;:&quot;arrow&quot;}\">\n\t\t\t\t\t<div class=\"elementor-shape elementor-shape-top\" data-negative=\"false\">\n\t\t\t<svg xmlns=\"http:\/\/www.w3.org\/2000\/svg\" viewBox=\"0 0 700 10\" preserveAspectRatio=\"none\">\n\t<path class=\"elementor-shape-fill\" d=\"M350,10L340,0h20L350,10z\"\/>\n<\/svg>\t\t<\/div>\n\t\t\t\t\t<div class=\"elementor-container elementor-column-gap-default\">\n\t\t\t\t\t<div class=\"elementor-column elementor-col-50 elementor-top-column elementor-element elementor-element-ac27cc3 elementor-invisible\" data-id=\"ac27cc3\" data-element_type=\"column\" data-settings=\"{&quot;animation&quot;:&quot;fadeInLeft&quot;,&quot;animation_mobile&quot;:&quot;none&quot;}\">\n\t\t\t<div class=\"elementor-widget-wrap elementor-element-populated\">\n\t\t\t\t\t\t<div class=\"elementor-element elementor-element-634453e elementor-widget elementor-widget-image\" data-id=\"634453e\" data-element_type=\"widget\" data-widget_type=\"image.default\">\n\t\t\t\t<div class=\"elementor-widget-container\">\n\t\t\t\t\t\t\t\t\t\t\t\t\t\t\t<img decoding=\"async\" width=\"800\" height=\"466\" src=\"https:\/\/knaack-it.de\/wp-content\/uploads\/2022\/08\/mobile-devices-2017980_1280-1024x597.png\" class=\"attachment-large size-large wp-image-156\" alt=\"\" srcset=\"https:\/\/knaack-it.de\/wp-content\/uploads\/2022\/08\/mobile-devices-2017980_1280-1024x597.png 1024w, https:\/\/knaack-it.de\/wp-content\/uploads\/2022\/08\/mobile-devices-2017980_1280-300x175.png 300w, https:\/\/knaack-it.de\/wp-content\/uploads\/2022\/08\/mobile-devices-2017980_1280-768x448.png 768w, https:\/\/knaack-it.de\/wp-content\/uploads\/2022\/08\/mobile-devices-2017980_1280.png 1280w\" sizes=\"(max-width: 800px) 100vw, 800px\" \/>\t\t\t\t\t\t\t\t\t\t\t\t\t\t\t<\/div>\n\t\t\t\t<\/div>\n\t\t\t\t\t<\/div>\n\t\t<\/div>\n\t\t\t\t<div class=\"elementor-column elementor-col-50 elementor-top-column elementor-element elementor-element-b2d29c1 elementor-invisible\" data-id=\"b2d29c1\" data-element_type=\"column\" data-settings=\"{&quot;animation&quot;:&quot;fadeInRight&quot;,&quot;animation_mobile&quot;:&quot;none&quot;}\">\n\t\t\t<div class=\"elementor-widget-wrap elementor-element-populated\">\n\t\t\t\t\t\t<div class=\"elementor-element elementor-element-c7ae722 elementor-widget elementor-widget-heading\" data-id=\"c7ae722\" data-element_type=\"widget\" data-widget_type=\"heading.default\">\n\t\t\t\t<div class=\"elementor-widget-container\">\n\t\t\t\t\t<h2 class=\"elementor-heading-title elementor-size-default\">Webseite<\/h2>\t\t\t\t<\/div>\n\t\t\t\t<\/div>\n\t\t\t\t<div class=\"elementor-element elementor-element-6b01f43 elementor-widget elementor-widget-heading\" data-id=\"6b01f43\" data-element_type=\"widget\" data-widget_type=\"heading.default\">\n\t\t\t\t<div class=\"elementor-widget-container\">\n\t\t\t\t\t<h3 class=\"elementor-heading-title elementor-size-default\">Ihre moderne Internetpr\u00e4senz<\/h3>\t\t\t\t<\/div>\n\t\t\t\t<\/div>\n\t\t\t\t<div class=\"elementor-element elementor-element-8eea304 elementor-widget elementor-widget-text-editor\" data-id=\"8eea304\" data-element_type=\"widget\" data-widget_type=\"text-editor.default\">\n\t\t\t\t<div class=\"elementor-widget-container\">\n\t\t\t\t\t\t\t\t\t<p>Die Onlinepr\u00e4senz ist f\u00fcr Unternehmen von immenser Bedeutung &#8211; Egal ob StartUp oder etabliertes Unternehmen. Egal ob kleiner Handwerksbetrieb oder gro\u00dfer Industriebetrieb. Die Webseite vermittelt den ersten Eindruck &#8211; und der muss sitzen.<\/p><p>Wir entwickeln f\u00fcr Sie individuelle L\u00f6sungen von einfacher Unternehmensvorstellung \u00fcber Onlineshop bis hin zu Kundenportalen. Alles unter Beachtung Ihres corporate designs.\u00a0<\/p><p>Sie haben noch kein corporate design? Wir helfen Ihnen gerne!<\/p>\t\t\t\t\t\t\t\t<\/div>\n\t\t\t\t<\/div>\n\t\t\t\t<div class=\"elementor-element elementor-element-385edbb elementor-mobile-align-justify elementor-widget elementor-widget-button\" data-id=\"385edbb\" data-element_type=\"widget\" data-widget_type=\"button.default\">\n\t\t\t\t<div class=\"elementor-widget-container\">\n\t\t\t\t\t\t\t\t\t<div class=\"elementor-button-wrapper\">\n\t\t\t\t\t<a class=\"elementor-button elementor-button-link elementor-size-sm\" href=\"https:\/\/knaack-it.de\/?page_id=219\">\n\t\t\t\t\t\t<span class=\"elementor-button-content-wrapper\">\n\t\t\t\t\t\t\t\t\t<span class=\"elementor-button-text\">Mehr erfahren<\/span>\n\t\t\t\t\t<\/span>\n\t\t\t\t\t<\/a>\n\t\t\t\t<\/div>\n\t\t\t\t\t\t\t\t<\/div>\n\t\t\t\t<\/div>\n\t\t\t\t\t<\/div>\n\t\t<\/div>\n\t\t\t\t\t<\/div>\n\t\t<\/section>\n\t\t\t\t<section class=\"elementor-section elementor-top-section elementor-element elementor-element-9221c6b elementor-reverse-tablet elementor-reverse-mobile elementor-section-boxed elementor-section-height-default elementor-section-height-default\" data-id=\"9221c6b\" data-element_type=\"section\" data-settings=\"{&quot;shape_divider_top&quot;:&quot;arrow&quot;,&quot;background_background&quot;:&quot;classic&quot;}\">\n\t\t\t\t\t<div class=\"elementor-shape elementor-shape-top\" data-negative=\"false\">\n\t\t\t<svg xmlns=\"http:\/\/www.w3.org\/2000\/svg\" viewBox=\"0 0 700 10\" preserveAspectRatio=\"none\">\n\t<path class=\"elementor-shape-fill\" d=\"M350,10L340,0h20L350,10z\"\/>\n<\/svg>\t\t<\/div>\n\t\t\t\t\t<div class=\"elementor-container elementor-column-gap-default\">\n\t\t\t\t\t<div class=\"elementor-column elementor-col-50 elementor-top-column elementor-element elementor-element-e8b8968 elementor-invisible\" data-id=\"e8b8968\" data-element_type=\"column\" data-settings=\"{&quot;animation&quot;:&quot;fadeInLeft&quot;,&quot;animation_mobile&quot;:&quot;none&quot;}\">\n\t\t\t<div class=\"elementor-widget-wrap elementor-element-populated\">\n\t\t\t\t\t\t<div class=\"elementor-element elementor-element-af2b95a elementor-widget elementor-widget-heading\" data-id=\"af2b95a\" data-element_type=\"widget\" data-widget_type=\"heading.default\">\n\t\t\t\t<div class=\"elementor-widget-container\">\n\t\t\t\t\t<h2 class=\"elementor-heading-title elementor-size-default\">App<\/h2>\t\t\t\t<\/div>\n\t\t\t\t<\/div>\n\t\t\t\t<div class=\"elementor-element elementor-element-a71fd1c elementor-widget elementor-widget-heading\" data-id=\"a71fd1c\" data-element_type=\"widget\" data-widget_type=\"heading.default\">\n\t\t\t\t<div class=\"elementor-widget-container\">\n\t\t\t\t\t<h3 class=\"elementor-heading-title elementor-size-default\">Innovative Prozesse &amp; Kundenbindung<\/h3>\t\t\t\t<\/div>\n\t\t\t\t<\/div>\n\t\t\t\t<div class=\"elementor-element elementor-element-fabb65e elementor-widget elementor-widget-text-editor\" data-id=\"fabb65e\" data-element_type=\"widget\" data-widget_type=\"text-editor.default\">\n\t\t\t\t<div class=\"elementor-widget-container\">\n\t\t\t\t\t\t\t\t\t<p>Mit modernen Apps f\u00fcr Android &amp; iOS k\u00f6nnen viele Prozesse in Unternehmen effizienter und schneller gestaltet werden, was die Produktivit\u00e4t Ihres Unternehmens steigen l\u00e4sst. Aber sie bieten auch neue Chancen der Kundenbindung.<\/p><p>Wir beraten Sie gerne zu diesem Thema und beginnen umgehend mit der Umsetzung!<\/p>\t\t\t\t\t\t\t\t<\/div>\n\t\t\t\t<\/div>\n\t\t\t\t<div class=\"elementor-element elementor-element-202210f elementor-mobile-align-justify elementor-widget elementor-widget-button\" data-id=\"202210f\" data-element_type=\"widget\" data-widget_type=\"button.default\">\n\t\t\t\t<div class=\"elementor-widget-container\">\n\t\t\t\t\t\t\t\t\t<div class=\"elementor-button-wrapper\">\n\t\t\t\t\t<a class=\"elementor-button elementor-button-link elementor-size-sm\" href=\"https:\/\/knaack-it.de\/?page_id=214\">\n\t\t\t\t\t\t<span class=\"elementor-button-content-wrapper\">\n\t\t\t\t\t\t\t\t\t<span class=\"elementor-button-text\">Mehr erfahren<\/span>\n\t\t\t\t\t<\/span>\n\t\t\t\t\t<\/a>\n\t\t\t\t<\/div>\n\t\t\t\t\t\t\t\t<\/div>\n\t\t\t\t<\/div>\n\t\t\t\t\t<\/div>\n\t\t<\/div>\n\t\t\t\t<div class=\"elementor-column elementor-col-50 elementor-top-column elementor-element elementor-element-6d2aa36 elementor-invisible\" data-id=\"6d2aa36\" data-element_type=\"column\" data-settings=\"{&quot;animation&quot;:&quot;fadeInRight&quot;,&quot;background_background&quot;:&quot;classic&quot;,&quot;animation_mobile&quot;:&quot;none&quot;}\">\n\t\t\t<div class=\"elementor-widget-wrap elementor-element-populated\">\n\t\t\t\t\t\t<div class=\"elementor-element elementor-element-748be82 elementor-widget elementor-widget-image\" data-id=\"748be82\" data-element_type=\"widget\" data-widget_type=\"image.default\">\n\t\t\t\t<div class=\"elementor-widget-container\">\n\t\t\t\t\t\t\t\t\t\t\t\t\t\t\t<img loading=\"lazy\" decoding=\"async\" width=\"540\" height=\"1024\" src=\"https:\/\/knaack-it.de\/wp-content\/uploads\/2022\/08\/mobile-devices-2017982_1280-540x1024.png\" class=\"attachment-large size-large wp-image-159\" alt=\"\" srcset=\"https:\/\/knaack-it.de\/wp-content\/uploads\/2022\/08\/mobile-devices-2017982_1280-540x1024.png 540w, https:\/\/knaack-it.de\/wp-content\/uploads\/2022\/08\/mobile-devices-2017982_1280-158x300.png 158w, https:\/\/knaack-it.de\/wp-content\/uploads\/2022\/08\/mobile-devices-2017982_1280.png 675w\" sizes=\"(max-width: 540px) 100vw, 540px\" \/>\t\t\t\t\t\t\t\t\t\t\t\t\t\t\t<\/div>\n\t\t\t\t<\/div>\n\t\t\t\t\t<\/div>\n\t\t<\/div>\n\t\t\t\t\t<\/div>\n\t\t<\/section>\n\t\t\t\t<section class=\"elementor-section elementor-top-section elementor-element elementor-element-f145c3e elementor-section-boxed elementor-section-height-default elementor-section-height-default\" data-id=\"f145c3e\" data-element_type=\"section\" data-settings=\"{&quot;shape_divider_top&quot;:&quot;arrow&quot;}\">\n\t\t\t\t\t<div class=\"elementor-shape elementor-shape-top\" data-negative=\"false\">\n\t\t\t<svg xmlns=\"http:\/\/www.w3.org\/2000\/svg\" viewBox=\"0 0 700 10\" preserveAspectRatio=\"none\">\n\t<path class=\"elementor-shape-fill\" d=\"M350,10L340,0h20L350,10z\"\/>\n<\/svg>\t\t<\/div>\n\t\t\t\t\t<div class=\"elementor-container elementor-column-gap-default\">\n\t\t\t\t\t<div class=\"elementor-column elementor-col-50 elementor-top-column elementor-element elementor-element-96d4a4a elementor-invisible\" data-id=\"96d4a4a\" data-element_type=\"column\" data-settings=\"{&quot;animation&quot;:&quot;fadeInLeft&quot;,&quot;animation_mobile&quot;:&quot;none&quot;}\">\n\t\t\t<div class=\"elementor-widget-wrap elementor-element-populated\">\n\t\t\t\t\t\t<div class=\"elementor-element elementor-element-46c3108 elementor-widget elementor-widget-image\" data-id=\"46c3108\" data-element_type=\"widget\" data-widget_type=\"image.default\">\n\t\t\t\t<div class=\"elementor-widget-container\">\n\t\t\t\t\t\t\t\t\t\t\t\t\t\t\t<img loading=\"lazy\" decoding=\"async\" width=\"800\" height=\"450\" src=\"https:\/\/knaack-it.de\/wp-content\/uploads\/2022\/08\/online-marketing-2037545_1280-1024x576.png\" class=\"attachment-large size-large wp-image-160\" alt=\"\" srcset=\"https:\/\/knaack-it.de\/wp-content\/uploads\/2022\/08\/online-marketing-2037545_1280-1024x576.png 1024w, https:\/\/knaack-it.de\/wp-content\/uploads\/2022\/08\/online-marketing-2037545_1280-300x169.png 300w, https:\/\/knaack-it.de\/wp-content\/uploads\/2022\/08\/online-marketing-2037545_1280-768x432.png 768w, https:\/\/knaack-it.de\/wp-content\/uploads\/2022\/08\/online-marketing-2037545_1280.png 1280w\" sizes=\"(max-width: 800px) 100vw, 800px\" \/>\t\t\t\t\t\t\t\t\t\t\t\t\t\t\t<\/div>\n\t\t\t\t<\/div>\n\t\t\t\t\t<\/div>\n\t\t<\/div>\n\t\t\t\t<div class=\"elementor-column elementor-col-50 elementor-top-column elementor-element elementor-element-116b212 elementor-invisible\" data-id=\"116b212\" data-element_type=\"column\" data-settings=\"{&quot;animation&quot;:&quot;fadeInRight&quot;,&quot;animation_mobile&quot;:&quot;none&quot;}\">\n\t\t\t<div class=\"elementor-widget-wrap elementor-element-populated\">\n\t\t\t\t\t\t<div class=\"elementor-element elementor-element-613e0b0 elementor-widget elementor-widget-heading\" data-id=\"613e0b0\" data-element_type=\"widget\" data-widget_type=\"heading.default\">\n\t\t\t\t<div class=\"elementor-widget-container\">\n\t\t\t\t\t<h2 class=\"elementor-heading-title elementor-size-default\">SEO-Optimierung<\/h2>\t\t\t\t<\/div>\n\t\t\t\t<\/div>\n\t\t\t\t<div class=\"elementor-element elementor-element-f4114f0 elementor-widget elementor-widget-heading\" data-id=\"f4114f0\" data-element_type=\"widget\" data-widget_type=\"heading.default\">\n\t\t\t\t<div class=\"elementor-widget-container\">\n\t\t\t\t\t<h3 class=\"elementor-heading-title elementor-size-default\">Ihre individuelle Softwarel\u00f6sung<\/h3>\t\t\t\t<\/div>\n\t\t\t\t<\/div>\n\t\t\t\t<div class=\"elementor-element elementor-element-56624b8 elementor-widget elementor-widget-text-editor\" data-id=\"56624b8\" data-element_type=\"widget\" data-widget_type=\"text-editor.default\">\n\t\t\t\t<div class=\"elementor-widget-container\">\n\t\t\t\t\t\t\t\t\t<p>Was n\u00fctzt einem eine moderne und ansprechende Webseite, wenn sie keiner sieht? &#8211; Nichts!<\/p><p>Gerne helfen wir Ihnen Ihre Reichweite auszubauen und so Ums\u00e4tze und Bekanntheit zu steigern. Durch gezieltes Optimieren &#8211; sowohl OnPage als auch OffPage &#8211; beheben wir Probleme mit Ihrer Internetpr\u00e4senz und er\u00f6ffnen Ihnen so neue M\u00f6glichkeiten des Internetmarketings.<\/p>\t\t\t\t\t\t\t\t<\/div>\n\t\t\t\t<\/div>\n\t\t\t\t<div class=\"elementor-element elementor-element-97a4ac6 elementor-mobile-align-justify elementor-widget elementor-widget-button\" data-id=\"97a4ac6\" data-element_type=\"widget\" data-widget_type=\"button.default\">\n\t\t\t\t<div class=\"elementor-widget-container\">\n\t\t\t\t\t\t\t\t\t<div class=\"elementor-button-wrapper\">\n\t\t\t\t\t<a class=\"elementor-button elementor-button-link elementor-size-sm\" href=\"https:\/\/knaack-it.de\/?page_id=224\">\n\t\t\t\t\t\t<span class=\"elementor-button-content-wrapper\">\n\t\t\t\t\t\t\t\t\t<span class=\"elementor-button-text\">Mehr erfahren<\/span>\n\t\t\t\t\t<\/span>\n\t\t\t\t\t<\/a>\n\t\t\t\t<\/div>\n\t\t\t\t\t\t\t\t<\/div>\n\t\t\t\t<\/div>\n\t\t\t\t\t<\/div>\n\t\t<\/div>\n\t\t\t\t\t<\/div>\n\t\t<\/section>\n\t\t\t\t<\/div>\n\t\t","protected":false},"excerpt":{"rendered":"<p>ALLES F\u00dcR IHR DIGITALES ERLEBNIS Durch Ihre innovative Softwarel\u00f6sung, App oder Webseite b. Egal ob es um die Digitalisierung Ihrer Prozesse, mehr Reichweite (SEO) oder eine Verbesserung des Kundenerlebnisses geht &#8211; Professionelle, kreative &amp; sichere L\u00f6sungen finden Sie hier! Software Solution Ihre individuelle Softwarel\u00f6sung Egal ob Sie ein kleines Tool gebrauchen k\u00f6nnen, um t\u00e4gliche Arbeiten [&hellip;]<\/p>\n","protected":false},"author":1,"featured_media":0,"parent":0,"menu_order":0,"comment_status":"closed","ping_status":"closed","template":"","meta":{"footnotes":""},"_links":{"self":[{"href":"https:\/\/knaack-it.de\/index.php?rest_route=\/wp\/v2\/pages\/21"}],"collection":[{"href":"https:\/\/knaack-it.de\/index.php?rest_route=\/wp\/v2\/pages"}],"about":[{"href":"https:\/\/knaack-it.de\/index.php?rest_route=\/wp\/v2\/types\/page"}],"author":[{"embeddable":true,"href":"https:\/\/knaack-it.de\/index.php?rest_route=\/wp\/v2\/users\/1"}],"replies":[{"embeddable":true,"href":"https:\/\/knaack-it.de\/index.php?rest_route=%2Fwp%2Fv2%2Fcomments&post=21"}],"version-history":[{"count":208,"href":"https:\/\/knaack-it.de\/index.php?rest_route=\/wp\/v2\/pages\/21\/revisions"}],"predecessor-version":[{"id":369,"href":"https:\/\/knaack-it.de\/index.php?rest_route=\/wp\/v2\/pages\/21\/revisions\/369"}],"wp:attachment":[{"href":"https:\/\/knaack-it.de\/index.php?rest_route=%2Fwp%2Fv2%2Fmedia&parent=21"}],"curies":[{"name":"wp","href":"https:\/\/api.w.org\/{rel}","templated":true}]}}